{"id":69,"date":"2025-01-14T14:00:45","date_gmt":"2025-01-14T14:00:45","guid":{"rendered":"https:\/\/german.my-wordz.com\/?page_id=69"},"modified":"2025-05-13T09:27:42","modified_gmt":"2025-05-13T09:27:42","slug":"free-vocab-list","status":"publish","type":"page","link":"https:\/\/german.my-wordz.com\/de\/free-vocab-list\/","title":{"rendered":"Kostenlose Vokabelliste"},"content":{"rendered":"\t\t<div data-elementor-type=\"wp-page\" data-elementor-id=\"69\" class=\"elementor elementor-69\" data-elementor-post-type=\"page\">\n\t\t\t\t<div class=\"elementor-element elementor-element-130c3bc e-flex e-con-boxed e-con e-parent\" data-id=\"130c3bc\" data-element_type=\"container\" data-e-type=\"container\" data-settings=\"{&quot;background_background&quot;:&quot;classic&quot;}\">\n\t\t\t\t\t<div class=\"e-con-inner\">\n\t\t\t\t<div class=\"elementor-element elementor-element-4447d26 elementor-invisible elementor-widget elementor-widget-heading\" data-id=\"4447d26\" data-element_type=\"widget\" data-e-type=\"widget\" data-settings=\"{&quot;_animation&quot;:&quot;fadeInUp&quot;}\" data-widget_type=\"heading.default\">\n\t\t\t\t<div class=\"elementor-widget-container\">\n\t\t\t\t\t<h1 class=\"elementor-heading-title elementor-size-default\">Kostenlose Vokabelliste<\/h1>\t\t\t\t<\/div>\n\t\t\t\t<\/div>\n\t\t\t\t<div class=\"elementor-element elementor-element-9d06cb9 elementor-invisible elementor-widget elementor-widget-text-editor\" data-id=\"9d06cb9\" data-element_type=\"widget\" data-e-type=\"widget\" data-settings=\"{&quot;_animation&quot;:&quot;fadeInUp&quot;}\" data-widget_type=\"text-editor.default\">\n\t\t\t\t<div class=\"elementor-widget-container\">\n\t\t\t\t\t\t\t\t\t<p>Alle Mandarin-Vokabeln, die Sie brauchen<\/p>\t\t\t\t\t\t\t\t<\/div>\n\t\t\t\t<\/div>\n\t\t\t\t\t<\/div>\n\t\t\t\t<\/div>\n\t\t<div class=\"elementor-element elementor-element-858bab3 e-flex e-con-boxed e-con e-parent\" data-id=\"858bab3\" data-element_type=\"container\" data-e-type=\"container\">\n\t\t\t\t\t<div class=\"e-con-inner\">\n\t\t<div class=\"elementor-element elementor-element-ece7467 e-con-full e-flex e-con e-child\" data-id=\"ece7467\" data-element_type=\"container\" data-e-type=\"container\">\n\t\t\t\t<div class=\"elementor-element elementor-element-63e4101 elementor-invisible elementor-widget elementor-widget-heading\" data-id=\"63e4101\" data-element_type=\"widget\" data-e-type=\"widget\" data-settings=\"{&quot;_animation&quot;:&quot;fadeInUp&quot;}\" data-widget_type=\"heading.default\">\n\t\t\t\t<div class=\"elementor-widget-container\">\n\t\t\t\t\t<h2 class=\"elementor-heading-title elementor-size-default\">\n1.000 W\u00f6rter zu Gel\u00e4ufigkeit<\/h2>\t\t\t\t<\/div>\n\t\t\t\t<\/div>\n\t\t\t\t<div class=\"elementor-element elementor-element-0adabf0 elementor-invisible elementor-widget elementor-widget-text-editor\" data-id=\"0adabf0\" data-element_type=\"widget\" data-e-type=\"widget\" data-settings=\"{&quot;_animation&quot;:&quot;fadeInUp&quot;}\" data-widget_type=\"text-editor.default\">\n\t\t\t\t<div class=\"elementor-widget-container\">\n\t\t\t\t\t\t\t\t\t<p>Wussten Sie, dass 80 % (!) der gesprochenen Sprache aus nur 1.000 W\u00f6rtern besteht?\u00a0<\/p><p>Das bedeutet: Sie m\u00fcssen nur 1.000 W\u00f6rter lernen, um die meisten Gespr\u00e4che f\u00fchren zu k\u00f6nnen und flie\u00dfend zu sein!<\/p><p>Jetzt musst du es nur noch wissen Was jene W\u00f6rter sind? Suchen Sie nicht weiter, hier sind sie!<\/p><p>Sie k\u00f6nnen diese W\u00f6rter nat\u00fcrlich auch in einer <a href=\"http:\/\/german.my-wordz.com\/app\">App wie My-Wordz<\/a> lernen das zeigt die W\u00f6rterin der richtigen Reihenfolge, um sie sich besser merken zu k\u00f6nnen. Und Sie k\u00f6nnen Videos ansehen, in denen diese W\u00f6rter verwendet werden.\u00a0<\/p>\t\t\t\t\t\t\t\t<\/div>\n\t\t\t\t<\/div>\n\t\t\t\t<div class=\"elementor-element elementor-element-ce21d8c elementor-invisible elementor-widget elementor-widget-button\" data-id=\"ce21d8c\" data-element_type=\"widget\" data-e-type=\"widget\" data-settings=\"{&quot;_animation&quot;:&quot;fadeInUp&quot;}\" data-widget_type=\"button.default\">\n\t\t\t\t<div class=\"elementor-widget-container\">\n\t\t\t\t\t\t\t\t\t<div class=\"elementor-button-wrapper\">\n\t\t\t\t\t<a class=\"elementor-button elementor-button-link elementor-size-sm\" href=\"https:\/\/german.my-wordz.com\/wp-content\/uploads\/2025\/01\/Mandarin_1000_words.xlsx\">\n\t\t\t\t\t\t<span class=\"elementor-button-content-wrapper\">\n\t\t\t\t\t\t\t\t\t<span class=\"elementor-button-text\">Vokabeln herunterladen<\/span>\n\t\t\t\t\t<\/span>\n\t\t\t\t\t<\/a>\n\t\t\t\t<\/div>\n\t\t\t\t\t\t\t\t<\/div>\n\t\t\t\t<\/div>\n\t\t\t\t<\/div>\n\t\t<div class=\"elementor-element elementor-element-a3684b9 e-con-full e-flex e-con e-child\" data-id=\"a3684b9\" data-element_type=\"container\" data-e-type=\"container\">\n\t\t\t\t<div class=\"elementor-element elementor-element-87da8c5 elementor-invisible elementor-widget elementor-widget-image\" data-id=\"87da8c5\" data-element_type=\"widget\" data-e-type=\"widget\" data-settings=\"{&quot;_animation&quot;:&quot;fadeInUp&quot;}\" data-widget_type=\"image.default\">\n\t\t\t\t<div class=\"elementor-widget-container\">\n\t\t\t\t\t\t\t\t\t\t\t\t\t\t\t<img fetchpriority=\"high\" decoding=\"async\" width=\"800\" height=\"800\" src=\"https:\/\/german.my-wordz.com\/wp-content\/uploads\/2025\/01\/8.png\" class=\"attachment-full size-full wp-image-717\" alt=\"\" srcset=\"https:\/\/german.my-wordz.com\/wp-content\/uploads\/2025\/01\/8.png 800w, https:\/\/german.my-wordz.com\/wp-content\/uploads\/2025\/01\/8-300x300.png 300w, https:\/\/german.my-wordz.com\/wp-content\/uploads\/2025\/01\/8-150x150.png 150w, https:\/\/german.my-wordz.com\/wp-content\/uploads\/2025\/01\/8-768x768.png 768w\" sizes=\"(max-width: 800px) 100vw, 800px\" \/>\t\t\t\t\t\t\t\t\t\t\t\t\t\t\t<\/div>\n\t\t\t\t<\/div>\n\t\t\t\t<\/div>\n\t\t\t\t\t<\/div>\n\t\t\t\t<\/div>\n\t\t<div class=\"elementor-element elementor-element-e8febf1 e-flex e-con-boxed e-con e-parent\" data-id=\"e8febf1\" data-element_type=\"container\" data-e-type=\"container\" data-settings=\"{&quot;background_background&quot;:&quot;classic&quot;}\">\n\t\t\t\t\t<div class=\"e-con-inner\">\n\t\t\t\t<div class=\"elementor-element elementor-element-b561915 elementor-invisible elementor-widget elementor-widget-image-carousel\" data-id=\"b561915\" data-element_type=\"widget\" data-e-type=\"widget\" data-settings=\"{&quot;slides_to_show&quot;:&quot;6&quot;,&quot;slides_to_scroll&quot;:&quot;1&quot;,&quot;navigation&quot;:&quot;none&quot;,&quot;image_spacing_custom&quot;:{&quot;unit&quot;:&quot;px&quot;,&quot;size&quot;:90,&quot;sizes&quot;:[]},&quot;_animation&quot;:&quot;fadeInUp&quot;,&quot;slides_to_show_tablet&quot;:&quot;5&quot;,&quot;image_spacing_custom_tablet&quot;:{&quot;unit&quot;:&quot;px&quot;,&quot;size&quot;:60,&quot;sizes&quot;:[]},&quot;slides_to_show_mobile&quot;:&quot;3&quot;,&quot;image_spacing_custom_mobile&quot;:{&quot;unit&quot;:&quot;px&quot;,&quot;size&quot;:30,&quot;sizes&quot;:[]},&quot;autoplay&quot;:&quot;yes&quot;,&quot;pause_on_hover&quot;:&quot;yes&quot;,&quot;pause_on_interaction&quot;:&quot;yes&quot;,&quot;autoplay_speed&quot;:5000,&quot;infinite&quot;:&quot;yes&quot;,&quot;speed&quot;:500,&quot;image_spacing_custom_widescreen&quot;:{&quot;unit&quot;:&quot;px&quot;,&quot;size&quot;:&quot;&quot;,&quot;sizes&quot;:[]}}\" data-widget_type=\"image-carousel.default\">\n\t\t\t\t<div class=\"elementor-widget-container\">\n\t\t\t\t\t\t\t<div class=\"elementor-image-carousel-wrapper swiper\" role=\"region\" aria-roledescription=\"carousel\" aria-label=\"Image Carousel\" dir=\"ltr\">\n\t\t\t<div class=\"elementor-image-carousel swiper-wrapper\" aria-live=\"off\">\n\t\t\t\t\t\t\t\t<div class=\"swiper-slide\" role=\"group\" aria-roledescription=\"slide\" aria-label=\"1 of 5\"><figure class=\"swiper-slide-inner\"><img decoding=\"async\" class=\"swiper-slide-image\" src=\"https:\/\/german.my-wordz.com\/wp-content\/uploads\/2025\/01\/Spain.jpg\" alt=\"Spain\" \/><\/figure><\/div><div class=\"swiper-slide\" role=\"group\" aria-roledescription=\"slide\" aria-label=\"2 of 5\"><figure class=\"swiper-slide-inner\"><img decoding=\"async\" class=\"swiper-slide-image\" src=\"https:\/\/german.my-wordz.com\/wp-content\/uploads\/2025\/01\/Italy.jpg\" alt=\"Italy\" \/><\/figure><\/div><div class=\"swiper-slide\" role=\"group\" aria-roledescription=\"slide\" aria-label=\"3 of 5\"><figure class=\"swiper-slide-inner\"><img decoding=\"async\" class=\"swiper-slide-image\" src=\"https:\/\/german.my-wordz.com\/wp-content\/uploads\/2025\/01\/Germany.jpg\" alt=\"Germany\" \/><\/figure><\/div><div class=\"swiper-slide\" role=\"group\" aria-roledescription=\"slide\" aria-label=\"4 of 5\"><figure class=\"swiper-slide-inner\"><img decoding=\"async\" class=\"swiper-slide-image\" src=\"https:\/\/german.my-wordz.com\/wp-content\/uploads\/2025\/01\/France.jpg\" alt=\"France\" \/><\/figure><\/div><div class=\"swiper-slide\" role=\"group\" aria-roledescription=\"slide\" aria-label=\"5 of 5\"><figure class=\"swiper-slide-inner\"><img decoding=\"async\" class=\"swiper-slide-image\" src=\"https:\/\/german.my-wordz.com\/wp-content\/uploads\/2025\/01\/England.jpg\" alt=\"England\" \/><\/figure><\/div>\t\t\t<\/div>\n\t\t\t\t\t\t\t\n\t\t\t\t\t\t\t\t\t<\/div>\n\t\t\t\t\t\t<\/div>\n\t\t\t\t<\/div>\n\t\t\t\t\t<\/div>\n\t\t\t\t<\/div>\n\t\t<div class=\"elementor-element elementor-element-4afeb1f e-flex e-con-boxed e-con e-parent\" data-id=\"4afeb1f\" data-element_type=\"container\" data-e-type=\"container\">\n\t\t\t\t\t<div class=\"e-con-inner\">\n\t\t\t\t<div class=\"elementor-element elementor-element-bf41ca4 elementor-invisible elementor-widget elementor-widget-heading\" data-id=\"bf41ca4\" data-element_type=\"widget\" data-e-type=\"widget\" data-settings=\"{&quot;_animation&quot;:&quot;fadeInUp&quot;}\" data-widget_type=\"heading.default\">\n\t\t\t\t<div class=\"elementor-widget-container\">\n\t\t\t\t\t<h2 class=\"elementor-heading-title elementor-size-default\">Warum Sie My-Wordz brauchen<\/h2>\t\t\t\t<\/div>\n\t\t\t\t<\/div>\n\t\t\t\t<div class=\"elementor-element elementor-element-51767d4 elementor-invisible elementor-widget elementor-widget-text-editor\" data-id=\"51767d4\" data-element_type=\"widget\" data-e-type=\"widget\" data-settings=\"{&quot;_animation&quot;:&quot;fadeInUp&quot;}\" data-widget_type=\"text-editor.default\">\n\t\t\t\t<div class=\"elementor-widget-container\">\n\t\t\t\t\t\t\t\t\t<p>Diese App ist f\u00fcr Sie, wenn Sie<\/p>\t\t\t\t\t\t\t\t<\/div>\n\t\t\t\t<\/div>\n\t\t<div class=\"elementor-element elementor-element-6979ab0 e-flex e-con-boxed e-con e-child\" data-id=\"6979ab0\" data-element_type=\"container\" data-e-type=\"container\">\n\t\t\t\t\t<div class=\"e-con-inner\">\n\t\t<div class=\"elementor-element elementor-element-755afe9 e-flex e-con-boxed e-con e-child\" data-id=\"755afe9\" data-element_type=\"container\" data-e-type=\"container\">\n\t\t\t\t\t<div class=\"e-con-inner\">\n\t\t\t\t<div class=\"elementor-element elementor-element-c758fdb ekit-equal-height-enable elementor-invisible elementor-widget elementor-widget-elementskit-icon-box\" data-id=\"c758fdb\" data-element_type=\"widget\" data-e-type=\"widget\" data-settings=\"{&quot;_animation&quot;:&quot;fadeInUp&quot;}\" data-widget_type=\"elementskit-icon-box.default\">\n\t\t\t\t<div class=\"elementor-widget-container\">\n\t\t\t\t\t<div class=\"ekit-wid-con\" >        <!-- link opening -->\n                <!-- end link opening -->\n\n        <div class=\"elementskit-infobox text-left text-left icon-top-align elementor-animation-   \">\n                    <div class=\"elementskit-box-header elementor-animation-\">\n                <div class=\"elementskit-info-box-icon  \">\n                    <i aria-hidden=\"true\" class=\"elementkit-infobox-icon icon icon-laptop-phone\"><\/i>\n                <\/div>\n          <\/div>\n                        <div class=\"box-body\">\n                            <h5 class=\"elementskit-info-box-title\">\n                    Sich losrei\u00dfen aus traditionellen Methoden                <\/h5>\n                        \t\t  \t<p>Haben Sie genug von traditionellen Lehrb\u00fcchern und veralteten Lernmethoden? My-Wordz bietet einen frischen, interaktiven Ansatz zum Sprachenlernen.<\/p>\n                                <\/div>\n        \n        \n                <\/div>\n        <\/div>\t\t\t\t<\/div>\n\t\t\t\t<\/div>\n\t\t\t\t\t<\/div>\n\t\t\t\t<\/div>\n\t\t<div class=\"elementor-element elementor-element-84ee506 e-con-full e-flex e-con e-child\" data-id=\"84ee506\" data-element_type=\"container\" data-e-type=\"container\">\n\t\t\t\t<div class=\"elementor-element elementor-element-503ba22 ekit-equal-height-enable elementor-invisible elementor-widget elementor-widget-elementskit-icon-box\" data-id=\"503ba22\" data-element_type=\"widget\" data-e-type=\"widget\" data-settings=\"{&quot;_animation&quot;:&quot;fadeInUp&quot;}\" data-widget_type=\"elementskit-icon-box.default\">\n\t\t\t\t<div class=\"elementor-widget-container\">\n\t\t\t\t\t<div class=\"ekit-wid-con\" >        <!-- link opening -->\n                <!-- end link opening -->\n\n        <div class=\"elementskit-infobox text-left text-left icon-top-align elementor-animation-   \">\n                    <div class=\"elementskit-box-header elementor-animation-\">\n                <div class=\"elementskit-info-box-icon  \">\n                    <i aria-hidden=\"true\" class=\"elementkit-infobox-icon jki jki-speaker-line\"><\/i>\n                <\/div>\n          <\/div>\n                        <div class=\"box-body\">\n                            <h5 class=\"elementskit-info-box-title\">\n                    Erheben Ihre grundlegenden Gespr\u00e4chsf\u00e4higkeiten                <\/h5>\n                        \t\t  \t<p>Beherrschen Sie die Grundlagen bereits? Diese App hilft Ihnen, auf Ihren Grundlagen aufzubauen und die n\u00e4chste Stufe der Sprachkompetenz zu erreichen.<\/p>\n                                <\/div>\n        \n        \n                <\/div>\n        <\/div>\t\t\t\t<\/div>\n\t\t\t\t<\/div>\n\t\t\t\t<\/div>\n\t\t<div class=\"elementor-element elementor-element-5728450 e-con-full e-flex e-con e-child\" data-id=\"5728450\" data-element_type=\"container\" data-e-type=\"container\">\n\t\t\t\t<div class=\"elementor-element elementor-element-08ec701 ekit-equal-height-enable elementor-invisible elementor-widget elementor-widget-elementskit-icon-box\" data-id=\"08ec701\" data-element_type=\"widget\" data-e-type=\"widget\" data-settings=\"{&quot;_animation&quot;:&quot;fadeInUp&quot;}\" data-widget_type=\"elementskit-icon-box.default\">\n\t\t\t\t<div class=\"elementor-widget-container\">\n\t\t\t\t\t<div class=\"ekit-wid-con\" >        <!-- link opening -->\n                <!-- end link opening -->\n\n        <div class=\"elementskit-infobox text-left text-left icon-top-align elementor-animation-   \">\n                    <div class=\"elementskit-box-header elementor-animation-\">\n                <div class=\"elementskit-info-box-icon  \">\n                    <i aria-hidden=\"true\" class=\"elementkit-infobox-icon jki jki-app-light\"><\/i>\n                <\/div>\n          <\/div>\n                        <div class=\"box-body\">\n                            <h5 class=\"elementskit-info-box-title\">\n                    \u00dcberwinden Sie die Lern\u00fcberw\u00e4ltigung                <\/h5>\n                        \t\t  \t<p>F\u00fchlen Sie sich beim Sprachenlernen festgefahren oder verloren? My-Wordz vereinfacht den Prozess und macht den Fortschritt \u00fcberschaubar und motivierend.<\/p>\n                                <\/div>\n        \n        \n                <\/div>\n        <\/div>\t\t\t\t<\/div>\n\t\t\t\t<\/div>\n\t\t\t\t<\/div>\n\t\t\t\t\t<\/div>\n\t\t\t\t<\/div>\n\t\t\t\t\t<\/div>\n\t\t\t\t<\/div>\n\t\t<div class=\"elementor-element elementor-element-5a12c77 e-flex e-con-boxed e-con e-parent\" data-id=\"5a12c77\" data-element_type=\"container\" data-e-type=\"container\">\n\t\t\t\t\t<div class=\"e-con-inner\">\n\t\t<div class=\"elementor-element elementor-element-3d5b7b1 e-flex e-con-boxed e-con e-child\" data-id=\"3d5b7b1\" data-element_type=\"container\" data-e-type=\"container\" data-settings=\"{&quot;background_background&quot;:&quot;classic&quot;}\">\n\t\t\t\t\t<div class=\"e-con-inner\">\n\t\t\t\t<div class=\"elementor-element elementor-element-0471f2c elementor-invisible elementor-widget elementor-widget-heading\" data-id=\"0471f2c\" data-element_type=\"widget\" data-e-type=\"widget\" data-settings=\"{&quot;_animation&quot;:&quot;fadeInUp&quot;}\" data-widget_type=\"heading.default\">\n\t\t\t\t<div class=\"elementor-widget-container\">\n\t\t\t\t\t<h6 class=\"elementor-heading-title elementor-size-default\">Mach es jetzt<\/h6>\t\t\t\t<\/div>\n\t\t\t\t<\/div>\n\t\t\t\t<div class=\"elementor-element elementor-element-ab7b832 elementor-invisible elementor-widget elementor-widget-heading\" data-id=\"ab7b832\" data-element_type=\"widget\" data-e-type=\"widget\" data-settings=\"{&quot;_animation&quot;:&quot;fadeInUp&quot;}\" data-widget_type=\"heading.default\">\n\t\t\t\t<div class=\"elementor-widget-container\">\n\t\t\t\t\t<h3 class=\"elementor-heading-title elementor-size-default\">Schlie\u00dfen Sie sich Tausenden von Lernenden weltweit auf My-Wordz an, wo personalisiertes Sprachenlernen speziell auf Sie zugeschnitten ist.<\/h3>\t\t\t\t<\/div>\n\t\t\t\t<\/div>\n\t\t<div class=\"elementor-element elementor-element-ab73ae0 e-flex e-con-boxed e-con e-child\" data-id=\"ab73ae0\" data-element_type=\"container\" data-e-type=\"container\">\n\t\t\t\t\t<div class=\"e-con-inner\">\n\t\t\t\t<div class=\"elementor-element elementor-element-204f864 elementor-invisible elementor-widget elementor-widget-image\" data-id=\"204f864\" data-element_type=\"widget\" data-e-type=\"widget\" data-settings=\"{&quot;_animation&quot;:&quot;fadeInUp&quot;,&quot;_animation_delay&quot;:250}\" data-widget_type=\"image.default\">\n\t\t\t\t<div class=\"elementor-widget-container\">\n\t\t\t\t\t\t\t\t\t\t\t\t\t\t\t\t<a href=\"https:\/\/play.google.com\/store\/apps\/details?id=com.mywordz&#038;hl=en&#038;gl=US\">\n\t\t\t\t\t\t\t<img decoding=\"async\" width=\"500\" height=\"193\" src=\"https:\/\/german.my-wordz.com\/wp-content\/uploads\/2025\/01\/28-1.png\" class=\"attachment-full size-full wp-image-299\" alt=\"\" srcset=\"https:\/\/german.my-wordz.com\/wp-content\/uploads\/2025\/01\/28-1.png 500w, https:\/\/german.my-wordz.com\/wp-content\/uploads\/2025\/01\/28-1-300x116.png 300w\" sizes=\"(max-width: 500px) 100vw, 500px\" \/>\t\t\t\t\t\t\t\t<\/a>\n\t\t\t\t\t\t\t\t\t\t\t\t\t\t\t<\/div>\n\t\t\t\t<\/div>\n\t\t\t\t\t<\/div>\n\t\t\t\t<\/div>\n\t\t\t\t\t<\/div>\n\t\t\t\t<\/div>\n\t\t\t\t\t<\/div>\n\t\t\t\t<\/div>\n\t\t\t\t<\/div>\n\t\t","protected":false},"excerpt":{"rendered":"<p>Kostenlose Vokabelliste Alle Mandarin-Vokabeln, die Sie brauchen 1.000 W\u00f6rter zu Gel\u00e4ufigkeit Wussten Sie, dass 80 % (!) der gesprochenen Sprache aus nur 1.000 W\u00f6rtern besteht?\u00a0 Das bedeutet: Sie m\u00fcssen nur 1.000 W\u00f6rter lernen, um die meisten Gespr\u00e4che f\u00fchren zu k\u00f6nnen und flie\u00dfend zu sein! Jetzt musst du es nur noch wissen Was jene W\u00f6rter sind? [&hellip;]<\/p>\n","protected":false},"author":2,"featured_media":0,"parent":0,"menu_order":0,"comment_status":"closed","ping_status":"closed","template":"elementor_header_footer","meta":{"footnotes":""},"class_list":["post-69","page","type-page","status-publish","hentry"],"_links":{"self":[{"href":"https:\/\/german.my-wordz.com\/de\/wp-json\/wp\/v2\/pages\/69","targetHints":{"allow":["GET"]}}],"collection":[{"href":"https:\/\/german.my-wordz.com\/de\/wp-json\/wp\/v2\/pages"}],"about":[{"href":"https:\/\/german.my-wordz.com\/de\/wp-json\/wp\/v2\/types\/page"}],"author":[{"embeddable":true,"href":"https:\/\/german.my-wordz.com\/de\/wp-json\/wp\/v2\/users\/2"}],"replies":[{"embeddable":true,"href":"https:\/\/german.my-wordz.com\/de\/wp-json\/wp\/v2\/comments?post=69"}],"version-history":[{"count":38,"href":"https:\/\/german.my-wordz.com\/de\/wp-json\/wp\/v2\/pages\/69\/revisions"}],"predecessor-version":[{"id":1147,"href":"https:\/\/german.my-wordz.com\/de\/wp-json\/wp\/v2\/pages\/69\/revisions\/1147"}],"wp:attachment":[{"href":"https:\/\/german.my-wordz.com\/de\/wp-json\/wp\/v2\/media?parent=69"}],"curies":[{"name":"wp","href":"https:\/\/api.w.org\/{rel}","templated":true}]}}